{"id":8631,"date":"2022-07-20T13:39:33","date_gmt":"2022-07-20T13:39:33","guid":{"rendered":"https:\/\/demo.wpzoom.com\/inspiro-shop\/?post_type=product&#038;p=8631"},"modified":"2023-07-03T14:53:45","modified_gmt":"2023-07-03T14:53:45","slug":"fjallraven-skogso-jacket","status":"publish","type":"product","link":"https:\/\/demo.wpzoom.com\/inspiro-shop\/product\/fjallraven-skogso-jacket\/","title":{"rendered":"Fj\u00e4llr\u00e4ven Skogs\u00f6 Jacket"},"content":{"rendered":"<p>Cum sociis natoque penatibus et magnis dis parturient montes, nascetur ridiculus mus. Praesent commodo cursus magna, vel scelerisque nisl consectetur et. Donec id elit non mi porta gravida at eget metus. Vivamus sagittis lacus vel augue laoreet rutrum faucibus dolor auctor. Fusce dapibus, tellus ac cursus commodo, tortor mauris condimentum nibh, ut fermentum massa justo sit amet risus.<\/p>\n","protected":false},"excerpt":{"rendered":"<p>Cum sociis natoque penatibus et magnis dis parturient montes, nascetur ridiculus mus. Praesent commodo cursus magna, vel scelerisque nisl consectetur et. Donec id elit non mi porta gravida at eget metus. Vivamus sagittis lacus vel augue laoreet rutrum faucibus dolor auctor. Fusce dapibus, tellus ac cursus commodo, tortor mauris condimentum [&hellip;]<\/p>\n","protected":false},"featured_media":9086,"comment_status":"open","ping_status":"closed","template":"","meta":[],"product_brand":[],"product_cat":[145],"product_tag":[],"class_list":{"0":"post-8631","1":"product","2":"type-product","3":"status-publish","4":"has-post-thumbnail","6":"product_cat-jackets","8":"first","9":"instock","10":"featured","11":"shipping-taxable","12":"purchasable","13":"product-type-variable","14":"has-default-attributes"},"yoast_head":"<!-- This site is optimized with the Yoast SEO plugin v27.4 - https:\/\/yoast.com\/product\/yoast-seo-wordpress\/ -->\n<title>Fj\u00e4llr\u00e4ven Skogs\u00f6 Jacket &#8211; Inspiro<\/title>\n<meta name=\"robots\" content=\"index, follow, max-snippet:-1, max-image-preview:large, max-video-preview:-1\" \/>\n<link rel=\"canonical\" href=\"https:\/\/demo.wpzoom.com\/inspiro-shop\/product\/fjallraven-skogso-jacket\/\" \/>\n<meta property=\"og:locale\" content=\"en_US\" \/>\n<meta property=\"og:type\" content=\"article\" \/>\n<meta property=\"og:title\" content=\"Fj\u00e4llr\u00e4ven Skogs\u00f6 Jacket &#8211; Inspiro\" \/>\n<meta property=\"og:description\" content=\"Cum sociis natoque penatibus et magnis dis parturient montes, nascetur ridiculus mus. Praesent commodo cursus magna, vel scelerisque nisl consectetur et. Donec id elit non mi porta gravida at eget metus. Vivamus sagittis lacus vel augue laoreet rutrum faucibus dolor auctor. Fusce dapibus, tellus ac cursus commodo, tortor mauris condimentum [&hellip;]\" \/>\n<meta property=\"og:url\" content=\"https:\/\/demo.wpzoom.com\/inspiro-shop\/product\/fjallraven-skogso-jacket\/\" \/>\n<meta property=\"og:site_name\" content=\"Inspiro\" \/>\n<meta property=\"article:modified_time\" content=\"2023-07-03T14:53:45+00:00\" \/>\n<meta property=\"og:image\" content=\"https:\/\/demo.wpzoom.com\/inspiro-shop\/files\/2022\/07\/acbcxx2002_6565_01_nl.jpg\" \/>\n\t<meta property=\"og:image:width\" content=\"550\" \/>\n\t<meta property=\"og:image:height\" content=\"825\" \/>\n\t<meta property=\"og:image:type\" content=\"image\/jpeg\" \/>\n<meta name=\"twitter:card\" content=\"summary_large_image\" \/>\n<meta name=\"twitter:label1\" content=\"Est. reading time\" \/>\n\t<meta name=\"twitter:data1\" content=\"1 minute\" \/>\n<script type=\"application\/ld+json\" class=\"yoast-schema-graph\">{\"@context\":\"https:\\\/\\\/schema.org\",\"@graph\":[{\"@type\":\"WebPage\",\"@id\":\"https:\\\/\\\/demo.wpzoom.com\\\/inspiro-shop\\\/product\\\/fjallraven-skogso-jacket\\\/\",\"url\":\"https:\\\/\\\/demo.wpzoom.com\\\/inspiro-shop\\\/product\\\/fjallraven-skogso-jacket\\\/\",\"name\":\"Fj\u00e4llr\u00e4ven Skogs\u00f6 Jacket &#8211; Inspiro\",\"isPartOf\":{\"@id\":\"https:\\\/\\\/demo.wpzoom.com\\\/inspiro-shop\\\/#website\"},\"primaryImageOfPage\":{\"@id\":\"https:\\\/\\\/demo.wpzoom.com\\\/inspiro-shop\\\/product\\\/fjallraven-skogso-jacket\\\/#primaryimage\"},\"image\":{\"@id\":\"https:\\\/\\\/demo.wpzoom.com\\\/inspiro-shop\\\/product\\\/fjallraven-skogso-jacket\\\/#primaryimage\"},\"thumbnailUrl\":\"https:\\\/\\\/demo.wpzoom.com\\\/inspiro-shop\\\/files\\\/2022\\\/07\\\/acbcxx2002_6565_01_nl.jpg\",\"datePublished\":\"2022-07-20T13:39:33+00:00\",\"dateModified\":\"2023-07-03T14:53:45+00:00\",\"breadcrumb\":{\"@id\":\"https:\\\/\\\/demo.wpzoom.com\\\/inspiro-shop\\\/product\\\/fjallraven-skogso-jacket\\\/#breadcrumb\"},\"inLanguage\":\"en-US\",\"potentialAction\":[{\"@type\":\"ReadAction\",\"target\":[\"https:\\\/\\\/demo.wpzoom.com\\\/inspiro-shop\\\/product\\\/fjallraven-skogso-jacket\\\/\"]}]},{\"@type\":\"ImageObject\",\"inLanguage\":\"en-US\",\"@id\":\"https:\\\/\\\/demo.wpzoom.com\\\/inspiro-shop\\\/product\\\/fjallraven-skogso-jacket\\\/#primaryimage\",\"url\":\"https:\\\/\\\/demo.wpzoom.com\\\/inspiro-shop\\\/files\\\/2022\\\/07\\\/acbcxx2002_6565_01_nl.jpg\",\"contentUrl\":\"https:\\\/\\\/demo.wpzoom.com\\\/inspiro-shop\\\/files\\\/2022\\\/07\\\/acbcxx2002_6565_01_nl.jpg\",\"width\":550,\"height\":825},{\"@type\":\"BreadcrumbList\",\"@id\":\"https:\\\/\\\/demo.wpzoom.com\\\/inspiro-shop\\\/product\\\/fjallraven-skogso-jacket\\\/#breadcrumb\",\"itemListElement\":[{\"@type\":\"ListItem\",\"position\":1,\"name\":\"Home\",\"item\":\"https:\\\/\\\/demo.wpzoom.com\\\/inspiro-shop\\\/\"},{\"@type\":\"ListItem\",\"position\":2,\"name\":\"Shop\",\"item\":\"https:\\\/\\\/demo.wpzoom.com\\\/inspiro-shop\\\/shop\\\/\"},{\"@type\":\"ListItem\",\"position\":3,\"name\":\"Fj\u00e4llr\u00e4ven Skogs\u00f6 Jacket\"}]},{\"@type\":\"WebSite\",\"@id\":\"https:\\\/\\\/demo.wpzoom.com\\\/inspiro-shop\\\/#website\",\"url\":\"https:\\\/\\\/demo.wpzoom.com\\\/inspiro-shop\\\/\",\"name\":\"Inspiro\",\"description\":\"eCommerce WordPress Theme\",\"potentialAction\":[{\"@type\":\"SearchAction\",\"target\":{\"@type\":\"EntryPoint\",\"urlTemplate\":\"https:\\\/\\\/demo.wpzoom.com\\\/inspiro-shop\\\/?s={search_term_string}\"},\"query-input\":{\"@type\":\"PropertyValueSpecification\",\"valueRequired\":true,\"valueName\":\"search_term_string\"}}],\"inLanguage\":\"en-US\"}]}<\/script>\n<!-- \/ Yoast SEO plugin. -->","yoast_head_json":{"title":"Fj\u00e4llr\u00e4ven Skogs\u00f6 Jacket &#8211; Inspiro","robots":{"index":"index","follow":"follow","max-snippet":"max-snippet:-1","max-image-preview":"max-image-preview:large","max-video-preview":"max-video-preview:-1"},"canonical":"https:\/\/demo.wpzoom.com\/inspiro-shop\/product\/fjallraven-skogso-jacket\/","og_locale":"en_US","og_type":"article","og_title":"Fj\u00e4llr\u00e4ven Skogs\u00f6 Jacket &#8211; Inspiro","og_description":"Cum sociis natoque penatibus et magnis dis parturient montes, nascetur ridiculus mus. Praesent commodo cursus magna, vel scelerisque nisl consectetur et. Donec id elit non mi porta gravida at eget metus. Vivamus sagittis lacus vel augue laoreet rutrum faucibus dolor auctor. Fusce dapibus, tellus ac cursus commodo, tortor mauris condimentum [&hellip;]","og_url":"https:\/\/demo.wpzoom.com\/inspiro-shop\/product\/fjallraven-skogso-jacket\/","og_site_name":"Inspiro","article_modified_time":"2023-07-03T14:53:45+00:00","og_image":[{"width":550,"height":825,"url":"https:\/\/demo.wpzoom.com\/inspiro-shop\/files\/2022\/07\/acbcxx2002_6565_01_nl.jpg","type":"image\/jpeg"}],"twitter_card":"summary_large_image","twitter_misc":{"Est. reading time":"1 minute"},"schema":{"@context":"https:\/\/schema.org","@graph":[{"@type":"WebPage","@id":"https:\/\/demo.wpzoom.com\/inspiro-shop\/product\/fjallraven-skogso-jacket\/","url":"https:\/\/demo.wpzoom.com\/inspiro-shop\/product\/fjallraven-skogso-jacket\/","name":"Fj\u00e4llr\u00e4ven Skogs\u00f6 Jacket &#8211; Inspiro","isPartOf":{"@id":"https:\/\/demo.wpzoom.com\/inspiro-shop\/#website"},"primaryImageOfPage":{"@id":"https:\/\/demo.wpzoom.com\/inspiro-shop\/product\/fjallraven-skogso-jacket\/#primaryimage"},"image":{"@id":"https:\/\/demo.wpzoom.com\/inspiro-shop\/product\/fjallraven-skogso-jacket\/#primaryimage"},"thumbnailUrl":"https:\/\/demo.wpzoom.com\/inspiro-shop\/files\/2022\/07\/acbcxx2002_6565_01_nl.jpg","datePublished":"2022-07-20T13:39:33+00:00","dateModified":"2023-07-03T14:53:45+00:00","breadcrumb":{"@id":"https:\/\/demo.wpzoom.com\/inspiro-shop\/product\/fjallraven-skogso-jacket\/#breadcrumb"},"inLanguage":"en-US","potentialAction":[{"@type":"ReadAction","target":["https:\/\/demo.wpzoom.com\/inspiro-shop\/product\/fjallraven-skogso-jacket\/"]}]},{"@type":"ImageObject","inLanguage":"en-US","@id":"https:\/\/demo.wpzoom.com\/inspiro-shop\/product\/fjallraven-skogso-jacket\/#primaryimage","url":"https:\/\/demo.wpzoom.com\/inspiro-shop\/files\/2022\/07\/acbcxx2002_6565_01_nl.jpg","contentUrl":"https:\/\/demo.wpzoom.com\/inspiro-shop\/files\/2022\/07\/acbcxx2002_6565_01_nl.jpg","width":550,"height":825},{"@type":"BreadcrumbList","@id":"https:\/\/demo.wpzoom.com\/inspiro-shop\/product\/fjallraven-skogso-jacket\/#breadcrumb","itemListElement":[{"@type":"ListItem","position":1,"name":"Home","item":"https:\/\/demo.wpzoom.com\/inspiro-shop\/"},{"@type":"ListItem","position":2,"name":"Shop","item":"https:\/\/demo.wpzoom.com\/inspiro-shop\/shop\/"},{"@type":"ListItem","position":3,"name":"Fj\u00e4llr\u00e4ven Skogs\u00f6 Jacket"}]},{"@type":"WebSite","@id":"https:\/\/demo.wpzoom.com\/inspiro-shop\/#website","url":"https:\/\/demo.wpzoom.com\/inspiro-shop\/","name":"Inspiro","description":"eCommerce WordPress Theme","potentialAction":[{"@type":"SearchAction","target":{"@type":"EntryPoint","urlTemplate":"https:\/\/demo.wpzoom.com\/inspiro-shop\/?s={search_term_string}"},"query-input":{"@type":"PropertyValueSpecification","valueRequired":true,"valueName":"search_term_string"}}],"inLanguage":"en-US"}]}},"jetpack_sharing_enabled":true,"_links":{"self":[{"href":"https:\/\/demo.wpzoom.com\/inspiro-shop\/wp-json\/wp\/v2\/product\/8631","targetHints":{"allow":["GET"]}}],"collection":[{"href":"https:\/\/demo.wpzoom.com\/inspiro-shop\/wp-json\/wp\/v2\/product"}],"about":[{"href":"https:\/\/demo.wpzoom.com\/inspiro-shop\/wp-json\/wp\/v2\/types\/product"}],"replies":[{"embeddable":true,"href":"https:\/\/demo.wpzoom.com\/inspiro-shop\/wp-json\/wp\/v2\/comments?post=8631"}],"wp:featuredmedia":[{"embeddable":true,"href":"https:\/\/demo.wpzoom.com\/inspiro-shop\/wp-json\/wp\/v2\/media\/9086"}],"wp:attachment":[{"href":"https:\/\/demo.wpzoom.com\/inspiro-shop\/wp-json\/wp\/v2\/media?parent=8631"}],"wp:term":[{"taxonomy":"product_brand","embeddable":true,"href":"https:\/\/demo.wpzoom.com\/inspiro-shop\/wp-json\/wp\/v2\/product_brand?post=8631"},{"taxonomy":"product_cat","embeddable":true,"href":"https:\/\/demo.wpzoom.com\/inspiro-shop\/wp-json\/wp\/v2\/product_cat?post=8631"},{"taxonomy":"product_tag","embeddable":true,"href":"https:\/\/demo.wpzoom.com\/inspiro-shop\/wp-json\/wp\/v2\/product_tag?post=8631"}],"curies":[{"name":"wp","href":"https:\/\/api.w.org\/{rel}","templated":true}]}}